{"id":1888,"date":"2020-01-22T08:42:25","date_gmt":"2020-01-22T08:42:25","guid":{"rendered":"https:\/\/fastgatecargo.com\/?page_id=1888"},"modified":"2023-03-13T10:56:30","modified_gmt":"2023-03-13T10:56:30","slug":"b-contacts","status":"publish","type":"page","link":"https:\/\/fastgatecargo.com\/?page_id=1888","title":{"rendered":"Branch contacts"},"content":{"rendered":"<p><img decoding=\"async\" width=\"1024\" height=\"703\" src=\"https:\/\/fastgatecargo.com\/wp-content\/uploads\/2022\/12\/FGC-NEW-DEC-2022-front-1024x703.jpg\" alt=\"\" loading=\"lazy\" \/><br \/>\n\t\t\t\t\t\t\t\t\t\t\t\t\t\t\t<img decoding=\"async\" width=\"1024\" height=\"689\" src=\"https:\/\/fastgatecargo.com\/wp-content\/uploads\/2022\/12\/FGC-NEW-DEC-2022-back-1-1024x689.jpg\" alt=\"\" loading=\"lazy\" \/>\t\t\t\t\t\t\t\t\t\t\t\t\t\t\t<\/p>\n<p>[vc_row][vc_column css=&#8221;.vc_custom_1586253116990{background-color: #d6d6d6 !important;}&#8221;][vc_column_text]<\/p>\n<h1 style=\"text-align: center;\"><strong>Head Office -Industrial Area, Nairobi, Kenya<\/strong><\/h1>\n<p style=\"text-align: center;\">Kampala Road<\/p>\n<p>\u00a0 \u00a0 \u00a0 \u00a0 \u00a0 \u00a0 \u00a0 \u00a0 \u00a0 \u00a0 \u00a0 \u00a0 \u00a0 \u00a0 \u00a0 \u00a0 \u00a0 \u00a0 \u00a0 \u00a0 \u00a0 \u00a0 \u00a0 \u00a0 \u00a0 \u00a0 \u00a0 \u00a0 \u00a0 \u00a0 \u00a0 \u00a0 \u00a0 \u00a0 \u00a0 \u00a0 \u00a0 \u00a0 \u00a0 \u00a0 \u00a0 \u00a0 \u00a0 \u00a0 \u00a0 \u00a0Block No: 11<\/p>\n<h5 style=\"text-align: center;\">Contacts Persons<\/h5>\n<p style=\"text-align: center;\">Abdi Noor +254 720 979 386<\/p>\n<p style=\"text-align: center;\">Mohd Weli +254 722 157 702<\/p>\n<p style=\"text-align: center;\">Abdiaziz +254 748 362 076<\/p>\n<p style=\"text-align: center;\">Harun +254 748 362 084<\/p>\n<p style=\"text-align: center;\">Perry +254 748 362 044<\/p>\n<p style=\"text-align: center;\">Naftaly : +254 745 432 659<\/p>\n<p style=\"text-align: center;\"><strong>Office Tel +254 727 777 717 \/ +254 790 901 338<\/strong><\/p>\n<p>[\/vc_column_text][\/vc_column][\/vc_row][vc_row][vc_column width=&#8221;1\/2&#8243; css=&#8221;.vc_custom_1586251983245{background-color: #a5a5a5 !important;}&#8221;][vc_column_text]<\/p>\n<h2 style=\"text-align: center;\"><strong>Mombasa Office<\/strong><\/h2>\n<p style=\"text-align: center;\">Bondeni Corner Kilifi<\/p>\n<p style=\"text-align: center;\">Shariff Nassir Road<\/p>\n<p style=\"text-align: center;\">Next to Alliance Hospital<\/p>\n<p style=\"text-align: center;\"><strong>Tell +254 715 151 517<\/strong><\/p>\n<p>[\/vc_column_text][\/vc_column][vc_column width=&#8221;1\/2&#8243; css=&#8221;.vc_custom_1586251995410{background-color: #d8d8d8 !important;}&#8221;][vc_column_text]<\/p>\n<h2 style=\"text-align: center;\"><strong>Nakuru Office<\/strong><\/h2>\n<p style=\"text-align: center;\">Kenyatta lane<\/p>\n<p style=\"text-align: center;\">Uchumi Business Center<\/p>\n<p style=\"text-align: center;\">Ground Floor Room no.24<\/p>\n<p style=\"text-align: center;\">Tell\u00a0 +254 797 975 089<\/p>\n<p style=\"text-align: center;\">Shueib : +254 797 975 092<\/p>\n<p>[\/vc_column_text][\/vc_column][\/vc_row][vc_row][vc_column width=&#8221;1\/2&#8243; css=&#8221;.vc_custom_1586252060028{background-color: #a5a5a5 !important;}&#8221;][vc_column_text]<\/p>\n<h2 style=\"text-align: center;\"><strong>China-Guangzhou<\/strong><\/h2>\n<p style=\"text-align: center;\">ADD :D1,Building D,Zone C, Guangdong<br \/>New Material Industry Base, Lishui<br \/>Town, Nanhai District, Foshan City<\/p>\n<h5 style=\"text-align: center;\">Contact persons<\/h5>\n<p style=\"text-align: center;\">Ahmed +861\u00a0 852 049 1157<\/p>\n<p style=\"text-align: center;\">Omar +861 862 044 4797<\/p>\n<p style=\"text-align: center;\">Lucy +861 852 049 4222<\/p>\n<p>[\/vc_column_text][\/vc_column][vc_column width=&#8221;1\/2&#8243; css=&#8221;.vc_custom_1586252073177{background-color: #d8d8d8 !important;}&#8221;][vc_column_text]<\/p>\n<h2 style=\"text-align: center;\"><strong>China-Yiwu<\/strong><\/h2>\n<p style=\"text-align: center;\">ADD No3,<\/p>\n<p style=\"text-align: center;\">Chengxin Logistics Park,<\/p>\n<p style=\"text-align: center;\">820 Xiangming Road,<\/p>\n<p style=\"text-align: center;\">Niansanli,Yiwu City<\/p>\n<h5 style=\"text-align: center;\">Contact person<\/h5>\n<p style=\"text-align: center;\">Ahmed +861\u00a0 852 049 1157<\/p>\n<p style=\"text-align: center;\"><strong>Office Tel +861 862 044 4293<\/strong><\/p>\n<p>[\/vc_column_text][\/vc_column][\/vc_row][vc_row][vc_column width=&#8221;1\/2&#8243; css=&#8221;.vc_custom_1586252091171{background-color: #a5a5a5 !important;}&#8221;][vc_column_text]<\/p>\n<h2 style=\"text-align: center;\"><strong>UAE &#8211; Dubai Office<\/strong><\/h2>\n<p style=\"text-align: center;\">Sabkha Building, near Sabkha Bus Station<\/p>\n<p style=\"text-align: center;\">office 204, Deira<\/p>\n<h5 style=\"text-align: center;\">Contact persons<\/h5>\n<p style=\"text-align: center;\">Abdirisak +971 509 388 430<\/p>\n<p style=\"text-align: center;\">Ismail +971 582 530 004<\/p>\n<p style=\"text-align: center;\">Zakaria Nderitu +971 553 755 641<\/p>\n<p style=\"text-align: center;\">Saman +971 582 837 878<\/p>\n<p>[\/vc_column_text][\/vc_column][vc_column width=&#8221;1\/2&#8243; css=&#8221;.vc_custom_1586253092112{background-color: #d8d8d8 !important;}&#8221;][vc_column_text]<\/p>\n<h2 style=\"text-align: center;\"><strong>UAE -Dubai Warehouse<\/strong><\/h2>\n<p style=\"text-align: center;\">Al- Mumzar Gate no. 2A<\/p>\n<p style=\"text-align: center;\"><strong>Tell\u00a0 &#8211;\u00a0 +971 58 672 3303<\/strong><\/p>\n<p>[\/vc_column_text][\/vc_column][\/vc_row][vc_row][vc_column css=&#8221;.vc_custom_1586253081006{background-color: #a5a5a5 !important;}&#8221;][vc_column_text]<\/p>\n<h2 style=\"text-align: center;\"><strong>India &#8211; Mumbai<\/strong><\/h2>\n<p style=\"text-align: center;\">International Cargo &amp; Couriers<br \/>Shop No.10 &amp; 11, Narayan Building<br \/>1st Pasta Lane, Next to<br \/>Kailash Parbat Hotel Colaba,<br \/>Mumbai-400005<\/p>\n<p style=\"text-align: center;\"><strong>Tel : +918 070 149 827<\/strong><\/p>\n<p>[\/vc_column_text][\/vc_column][vc_column css=&#8221;.vc_custom_1617090077328{background-color: #d8d8d8 !important;}&#8221;][vc_column_text]<\/p>\n<h2 style=\"text-align: center;\"><strong>Turkey-\u0130STANBUL<\/strong><\/h2>\n<p style=\"text-align: center;\">N\u0131\u015fanca Mah. Daltaban Yk\u015f. Kader Blok No:8\/3 Fat\u0131h\/\u0130STANBUL<\/p>\n<p style=\"text-align: center;\">Office Tel\u00a0 :+90 [544] 928 42 99<\/p>\n<p style=\"text-align: center;\"><strong>Contact Person<\/strong><\/p>\n<p style=\"text-align: center;\">Mohamed Shire :+90 [544] 927 56 35<\/p>\n<p>[\/vc_column_text][\/vc_column][\/vc_row][vc_row css=&#8221;.vc_custom_1642222517156{background-color: #aaaaaa !important;}&#8221;][vc_column][vc_column_text]<\/p>\n<h2 style=\"text-align: center;\"><strong>UK-Branch<\/strong><\/h2>\n<p style=\"text-align: center;\">Ismail Mohammed<\/p>\n<p style=\"text-align: center;\"><strong> +44 7983 011279<\/strong><\/p>\n<p style=\"text-align: center;\">Email: uk@fastgatecargo.com<\/p>\n<p>[\/vc_column_text][\/vc_column][\/vc_row]<\/p>\n","protected":false},"excerpt":{"rendered":"<p>[vc_row][vc_column css=&#8221;.vc_custom_1586253116990{background-color: #d6d6d6 !important;}&#8221;][vc_column_text] Head Office -Industrial Area, Nairobi, Kenya Kampala Road \u00a0 \u00a0 \u00a0 \u00a0 \u00a0 \u00a0 \u00a0 \u00a0 \u00a0 \u00a0 \u00a0 \u00a0 \u00a0 \u00a0 \u00a0 \u00a0 \u00a0 \u00a0 \u00a0 \u00a0 \u00a0 \u00a0 \u00a0 \u00a0 \u00a0 \u00a0 \u00a0 \u00a0 \u00a0 \u00a0 \u00a0 \u00a0 \u00a0 \u00a0 \u00a0 \u00a0 \u00a0 \u00a0 \u00a0 \u00a0 \u00a0 \u00a0 \u00a0 [&hellip;]<\/p>\n","protected":false},"author":1,"featured_media":0,"parent":0,"menu_order":0,"comment_status":"closed","ping_status":"closed","template":"","meta":{"footnotes":""},"_links":{"self":[{"href":"https:\/\/fastgatecargo.com\/index.php?rest_route=\/wp\/v2\/pages\/1888"}],"collection":[{"href":"https:\/\/fastgatecargo.com\/index.php?rest_route=\/wp\/v2\/pages"}],"about":[{"href":"https:\/\/fastgatecargo.com\/index.php?rest_route=\/wp\/v2\/types\/page"}],"author":[{"embeddable":true,"href":"https:\/\/fastgatecargo.com\/index.php?rest_route=\/wp\/v2\/users\/1"}],"replies":[{"embeddable":true,"href":"https:\/\/fastgatecargo.com\/index.php?rest_route=%2Fwp%2Fv2%2Fcomments&post=1888"}],"version-history":[{"count":44,"href":"https:\/\/fastgatecargo.com\/index.php?rest_route=\/wp\/v2\/pages\/1888\/revisions"}],"predecessor-version":[{"id":2045,"href":"https:\/\/fastgatecargo.com\/index.php?rest_route=\/wp\/v2\/pages\/1888\/revisions\/2045"}],"wp:attachment":[{"href":"https:\/\/fastgatecargo.com\/index.php?rest_route=%2Fwp%2Fv2%2Fmedia&parent=1888"}],"curies":[{"name":"wp","href":"https:\/\/api.w.org\/{rel}","templated":true}]}}